{"id":731,"date":"2021-04-24T00:14:50","date_gmt":"2021-04-23T21:14:50","guid":{"rendered":"https:\/\/qfk8s.com\/benefits"},"modified":"2021-06-22T13:09:47","modified_gmt":"2021-06-22T10:09:47","slug":"benefits","status":"publish","type":"page","link":"https:\/\/hukka.ai\/en\/benefits\/","title":{"rendered":"Benefits"},"content":{"rendered":"\n\t<section class=\"section home-header\" id=\"section_1794976218\">\n\t\t<div class=\"bg section-bg fill bg-fill  \" >\n\n\t\t\t\n\t\t\t\n\t\t\t\n\n\t\t<\/div>\n\n\t\t<div class=\"section-content relative\">\n\t\t\t\n\n<div class=\"row\"  id=\"row-1835369911\">\n\n\n\t<div id=\"col-798135639\" class=\"col medium-4 small-12 large-4\"  >\n\t\t<div class=\"col-inner text-left\"  >\n\t\t\t\n\t\t\t\n\n<h1 style=\"text-align: left;\">Reduce your carbon footprint and increase your profits!<\/h1>\n<p style=\"text-align: left;\">Reducing food waste in professional kitchens has not ever been so easy!<\/p>\n<a href=\"https:\/\/hukka.ai\/en\/demo\" target=\"_self\" class=\"button secondary\"  style=\"border-radius:99px;\">\n    <span>Book a live Demo<\/span>\n  <\/a>\n\n\n\n\t\t<\/div>\n\t\t\t<\/div>\n\n\t\n\n\t<div id=\"col-988006181\" class=\"col medium-4 small-12 large-4\"  >\n\t\t<div class=\"col-inner\"  >\n\t\t\t\n\t\t\t\n\n\n\t\t<\/div>\n\t\t\t<\/div>\n\n\t\n\n\t<div id=\"col-388961506\" class=\"col medium-4 small-12 large-4\"  >\n\t\t<div class=\"col-inner\"  >\n\t\t\t\n\t\t\t\n\n\t<div id=\"text-130490072\" class=\"text big-green-text\">\n\t\t\n\n<p>25-45%<\/p>\n\t\t\t<\/div>\n\t\n<p><span style=\"font-weight: 400;\">Average reduction in food waste with Hukka already during the first few months.<\/span><\/p>\n\t<div id=\"text-454865691\" class=\"text big-green-text\">\n\t\t\n\n<p>3-7%<\/p>\n\t\t\t<\/div>\n\t\n<p><span style=\"font-weight: 400;\">Average saving in raw materials during the first months<\/span><\/p>\n\t<div id=\"text-1307438917\" class=\"text big-green-text\">\n\t\t\n\n<p>10-15x<\/p>\n\t\t\t<\/div>\n\t\n<p><span style=\"font-weight: 400;\">Average ROI with Hukka during the first six months<\/span><\/p>\n\n\t\t<\/div>\n\t\t\t<\/div>\n\n\t\n\n<\/div>\n\n\t\t<\/div>\n\n\t\t\n<style>\n#section_1794976218 {\n  padding-top: 60px;\n  padding-bottom: 60px;\n}\n#section_1794976218 .section-bg.bg-loaded {\n  background-image: url(https:\/\/hukka.ai\/wp-content\/uploads\/2021\/04\/Nettisivut-banner_kettu_v003_4000x1080-1-1.png);\n}\n<\/style>\n\t<\/section>\n\t\n\t<section class=\"section dark\" id=\"section_456454818\">\n\t\t<div class=\"bg section-bg fill bg-fill  bg-loaded\" >\n\n\t\t\t\n\t\t\t\n\t\t\t\n\n\t\t<\/div>\n\n\t\t<div class=\"section-content relative\">\n\t\t\t\n\n<div class=\"row\"  id=\"row-1783441952\">\n\n\n\t<div id=\"col-427337820\" class=\"col small-12 large-12\"  >\n\t\t<div class=\"col-inner text-center\"  >\n\t\t\t\n\t\t\t\n\n\t<div id=\"text-2784983529\" class=\"text\">\n\t\t\n\n<h2>More sustainable and profitable kitchen without any initial investments!<\/h2>\n\t\t\n<style>\n#text-2784983529 {\n  color: #2cdbad;\n}\n#text-2784983529 > * {\n  color: #2cdbad;\n}\n<\/style>\n\t<\/div>\n\t\n\t<div id=\"gap-595128717\" class=\"gap-element clearfix\" style=\"display:block; height:auto;\">\n\t\t\n<style>\n#gap-595128717 {\n  padding-top: 30px;\n}\n<\/style>\n\t<\/div>\n\t\n\n\t<div id=\"text-3743901427\" class=\"text\">\n\t\t\n\n<div id=\"hukka-carousel\" class=\"hukka-carousel\"><div class=\"hukka-carousel-slides\">\n<div class=\"hukka-carousel-slide\">\n<p><img loading=\"lazy\" decoding=\"async\" class=\"alignnone wp-image-604 size-medium\" src=\"https:\/\/hukka.ai\/wp-content\/uploads\/2021\/04\/Ateria-logo_original_v001-300x150.png\" alt=\"\" width=\"300\" height=\"150\" srcset=\"https:\/\/hukka.ai\/wp-content\/uploads\/2021\/04\/Ateria-logo_original_v001-300x150.png 300w, https:\/\/hukka.ai\/wp-content\/uploads\/2021\/04\/Ateria-logo_original_v001.png 401w\" sizes=\"auto, (max-width: 300px) 100vw, 300px\" \/><\/p>\n<p>\u201dWe are using Hukka in all of our kitchens serving primary- and high schools in Lahti. Hukka reflects all of our core values: sustainability, innovation and cooperation together with our customers&#8221;<br>&#8211; <strong>P\u00e4ij\u00e4t-H\u00e4meen Ateriapalvelut<\/strong><\/p>\n<\/div>\n<div class=\"hukka-carousel-slide\">\n<p><img loading=\"lazy\" decoding=\"async\" class=\"alignnone wp-image-603 size-medium\" src=\"https:\/\/hukka.ai\/wp-content\/uploads\/2021\/04\/Palmia-logo_white-orange_v001-300x150.png\" alt=\"\" width=\"300\" height=\"150\" srcset=\"https:\/\/hukka.ai\/wp-content\/uploads\/2021\/04\/Palmia-logo_white-orange_v001-300x150.png 300w, https:\/\/hukka.ai\/wp-content\/uploads\/2021\/04\/Palmia-logo_white-orange_v001.png 401w\" sizes=\"auto, (max-width: 300px) 100vw, 300px\" \/><\/p>\n<p>\u201dHukka\u2019s visualised data gives us in-depth information from the food waste and associated costs. Hukka meets our criteria perfectly and is a cost-effective solution for us, especially when considering the size of our organization. Hukka is primarily used by of our kitchen staff but it also serves our expert-, management and executive levels\u201d<br>&#8211; <strong>Palmia<\/strong><\/p>\n<\/div>\n<div class=\"hukka-carousel-slide\">\n<p><img loading=\"lazy\" decoding=\"async\" class=\"alignnone wp-image-605 size-medium\" src=\"https:\/\/hukka.ai\/wp-content\/uploads\/2021\/04\/Laurea-logo_white-blue_v001-300x150.png\" alt=\"\" width=\"300\" height=\"150\" srcset=\"https:\/\/hukka.ai\/wp-content\/uploads\/2021\/04\/Laurea-logo_white-blue_v001-300x150.png 300w, https:\/\/hukka.ai\/wp-content\/uploads\/2021\/04\/Laurea-logo_white-blue_v001.png 401w\" sizes=\"auto, (max-width: 300px) 100vw, 300px\" \/><\/p>\n<p>\u201cWe have taken actions to reduce food waste already before but with Hukka we were able to reduce it even further while getting new ideas and routines to make our operations more efficient\u201d<br>&#8211; <strong>Bar Laurea<\/strong><\/p>\n<\/div>\n<\/div><div class=\"hukka-carousel-nav hukka-carousel-prev\">&#60;<\/div><div class=\"hukka-carousel-nav hukka-carousel-next\">&#62;<\/div><\/div>\n\t\t\n<style>\n#text-3743901427 {\n  text-align: center;\n}\n<\/style>\n\t<\/div>\n\t\n\n\t\t<\/div>\n\t\t\t<\/div>\n\n\t\n\n<\/div>\n\n\t\t<\/div>\n\n\t\t\n<style>\n#section_456454818 {\n  padding-top: 70px;\n  padding-bottom: 70px;\n  background-color: #000c33;\n}\n<\/style>\n\t<\/section>\n\t\n\t<section class=\"section numbers-section\" id=\"section_1885551135\">\n\t\t<div class=\"bg section-bg fill bg-fill  bg-loaded\" >\n\n\t\t\t\n\t\t\t\n\t\t\t\n\n\t\t<\/div>\n\n\t\t<div class=\"section-content relative\">\n\t\t\t\n\n<div class=\"row\"  id=\"row-1224643869\">\n\n\n\t<div id=\"col-99519699\" class=\"col small-12 large-12\"  >\n\t\t<div class=\"col-inner\"  >\n\t\t\t\n\t\t\t\n\n\t<div id=\"text-1618963751\" class=\"text\">\n\t\t\n\n<h2>Easy, cost-effective and intelligence food waste reduction!<\/h2>\n\t\t\n<style>\n#text-1618963751 {\n  text-align: center;\n}\n<\/style>\n\t<\/div>\n\t\n\n\t\t<\/div>\n\t\t\t<\/div>\n\n\t\n\n<\/div>\n<div class=\"row align-middle\"  id=\"row-1058858127\">\n\n\n\t<div id=\"col-2056044342\" class=\"col medium-12 small-12 large-2\"  >\n\t\t<div class=\"col-inner\"  >\n\t\t\t\n\t\t\t\n\n\t<div class=\"img has-hover x md-x lg-x y md-y lg-y\" id=\"image_1564433272\">\n\t\t\t\t\t\t\t\t<div class=\"img-inner dark\" >\n\t\t\t<img loading=\"lazy\" decoding=\"async\" width=\"151\" height=\"111\" src=\"https:\/\/hukka.ai\/wp-content\/uploads\/2021\/04\/Nettisivu-_Icons_hyodyt_1_Speed_green_v001.png\" class=\"attachment-large size-large\" alt=\"\" \/>\t\t\t\t\t\t\n\t\t\t\t\t<\/div>\n\t\t\t\t\t\t\t\t\n<style>\n#image_1564433272 {\n  width: 100%;\n}\n<\/style>\n\t<\/div>\n\t\n\n\n\t\t<\/div>\n\t\t\t<\/div>\n\n\t\n\n\t<div id=\"col-1897250224\" class=\"col medium-12 small-12 large-10\"  >\n\t\t<div class=\"col-inner text-center\"  >\n\t\t\t\n\t\t\t\n\n<p style=\"text-align: left;\"><strong>Easy, cost-effective and intelligence food waste reduction!<\/strong><\/p>\n<p style=\"text-align: left;\">Hukka AI has been developed together with our pilot customers to make sure it is as easy to use as possible, weighing and logging the food waste takes only a few minutes! No more manual logging with excels or other out-dated solutions. Kitchens should focus on making top quality food and serving the customers!<\/p>\n\n\t\t<\/div>\n\t\t\t<\/div>\n\n\t\n\n\n<style>\n#row-1058858127 > .col > .col-inner {\n  padding: 0px 0px 20px 0px;\n}\n<\/style>\n<\/div>\n<div class=\"row align-middle\"  id=\"row-1114996858\">\n\n\n\t<div id=\"col-941623914\" class=\"col medium-12 small-12 large-2\"  >\n\t\t<div class=\"col-inner\"  >\n\t\t\t\n\t\t\t\n\n\t<div class=\"img has-hover x md-x lg-x y md-y lg-y\" id=\"image_1645950573\">\n\t\t\t\t\t\t\t\t<div class=\"img-inner dark\" >\n\t\t\t<img loading=\"lazy\" decoding=\"async\" width=\"151\" height=\"111\" src=\"https:\/\/hukka.ai\/wp-content\/uploads\/2021\/04\/Nettisivu-_Icons_hyodyt_2_Statistic_Green_v001.png\" class=\"attachment-large size-large\" alt=\"\" \/>\t\t\t\t\t\t\n\t\t\t\t\t<\/div>\n\t\t\t\t\t\t\t\t\n<style>\n#image_1645950573 {\n  width: 100%;\n}\n<\/style>\n\t<\/div>\n\t\n\n\n\t\t<\/div>\n\t\t\t<\/div>\n\n\t\n\n\t<div id=\"col-1372147810\" class=\"col medium-12 small-12 large-10\"  >\n\t\t<div class=\"col-inner text-center\"  >\n\t\t\t\n\t\t\t\n\n<p style=\"text-align: left;\"><strong>Actionable data and recommendations<\/strong><\/p>\n<p style=\"text-align: left;\">Hukka\u2019s cloud-based tracking system produces visualized and actionable data, which helps you to understand the cost and causes of your food waste according to meals, euros or your customers\u2019 preferences. With Hukka\u2019s reporting tools, specially designed for experts and management, you can easily monitor, analyze, report on, and steer your food waste actions.<\/p>\n\n\t\t<\/div>\n\t\t\t<\/div>\n\n\t\n\n\n<style>\n#row-1114996858 > .col > .col-inner {\n  padding: 0px 0px 20px 0px;\n}\n<\/style>\n<\/div>\n<div class=\"row align-middle\"  id=\"row-1975022014\">\n\n\n\t<div id=\"col-1023399747\" class=\"col medium-12 small-12 large-2\"  >\n\t\t<div class=\"col-inner\"  >\n\t\t\t\n\t\t\t\n\n\t<div class=\"img has-hover x md-x lg-x y md-y lg-y\" id=\"image_1736814446\">\n\t\t\t\t\t\t\t\t<div class=\"img-inner dark\" >\n\t\t\t<img loading=\"lazy\" decoding=\"async\" width=\"151\" height=\"111\" src=\"https:\/\/hukka.ai\/wp-content\/uploads\/2021\/04\/Nettisivu-_Icons_hyodyt_3_Piggie_Green_v001.png\" class=\"attachment-large size-large\" alt=\"\" \/>\t\t\t\t\t\t\n\t\t\t\t\t<\/div>\n\t\t\t\t\t\t\t\t\n<style>\n#image_1736814446 {\n  width: 100%;\n}\n<\/style>\n\t<\/div>\n\t\n\n\n\t\t<\/div>\n\t\t\t<\/div>\n\n\t\n\n\t<div id=\"col-957496573\" class=\"col medium-12 small-12 large-10\"  >\n\t\t<div class=\"col-inner text-center\"  >\n\t\t\t\n\t\t\t\n\n<p style=\"text-align: left;\"><strong>Reducing food waste has direct bottom-line benefits<\/strong><\/p>\n<p style=\"text-align: left;\">Food waste burdens the environment and represents a completely unnecessary expense to your organisation. Food waste burdens the environment and represents a completely unnecessary expense to your organisation. With Hukka, you have the opportunity to decrease an average of 3 \u2013 7 % in your raw material costs during the first months, in addition to savings in waste-, water-, and energy cost! Increasing profits has never been so easy!<\/p>\n\n\t\t<\/div>\n\t\t\t<\/div>\n\n\t\n\n\n<style>\n#row-1975022014 > .col > .col-inner {\n  padding: 0px 0px 20px 0px;\n}\n<\/style>\n<\/div>\n<div class=\"row align-middle\"  id=\"row-217602156\">\n\n\n\t<div id=\"col-1813395589\" class=\"col medium-12 small-12 large-2\"  >\n\t\t<div class=\"col-inner\"  >\n\t\t\t\n\t\t\t\n\n\t<div class=\"img has-hover x md-x lg-x y md-y lg-y\" id=\"image_1386318860\">\n\t\t\t\t\t\t\t\t<div class=\"img-inner dark\" >\n\t\t\t<img loading=\"lazy\" decoding=\"async\" width=\"151\" height=\"111\" src=\"https:\/\/hukka.ai\/wp-content\/uploads\/2021\/04\/Nettisivu-_Icons_hyodyt_4_Money_Green_v001.png\" class=\"attachment-large size-large\" alt=\"\" \/>\t\t\t\t\t\t\n\t\t\t\t\t<\/div>\n\t\t\t\t\t\t\t\t\n<style>\n#image_1386318860 {\n  width: 100%;\n}\n<\/style>\n\t<\/div>\n\t\n\n\n\t\t<\/div>\n\t\t\t<\/div>\n\n\t\n\n\t<div id=\"col-900707679\" class=\"col medium-12 small-12 large-10\"  >\n\t\t<div class=\"col-inner text-center\"  >\n\t\t\t\n\t\t\t\n\n<p style=\"text-align: left;\"><strong>Hukka will return your investment in no-time!<\/strong><\/p>\n<p style=\"text-align: left;\">Hukka offers an average 10-15x ROI in your first six months! Due to being an affordable software-only solution, Hukka is extremely easy to scale enterprise-wide. <\/p>\n\n\t\t<\/div>\n\t\t\t<\/div>\n\n\t\n\n\n<style>\n#row-217602156 > .col > .col-inner {\n  padding: 0px 0px 20px 0px;\n}\n<\/style>\n<\/div>\n<div class=\"row align-middle\"  id=\"row-1014147785\">\n\n\n\t<div id=\"col-1965963494\" class=\"col medium-12 small-12 large-2\"  >\n\t\t<div class=\"col-inner\"  >\n\t\t\t\n\t\t\t\n\n\t<div class=\"img has-hover x md-x lg-x y md-y lg-y\" id=\"image_1402960190\">\n\t\t\t\t\t\t\t\t<div class=\"img-inner dark\" >\n\t\t\t<img loading=\"lazy\" decoding=\"async\" width=\"151\" height=\"111\" src=\"https:\/\/hukka.ai\/wp-content\/uploads\/2021\/04\/Nettisivu-_Icons_hyodyt_5_Systems_Green_v002.png\" class=\"attachment-large size-large\" alt=\"\" \/>\t\t\t\t\t\t\n\t\t\t\t\t<\/div>\n\t\t\t\t\t\t\t\t\n<style>\n#image_1402960190 {\n  width: 100%;\n}\n<\/style>\n\t<\/div>\n\t\n\n\n\t\t<\/div>\n\t\t\t<\/div>\n\n\t\n\n\t<div id=\"col-1581589030\" class=\"col medium-12 small-12 large-10\"  >\n\t\t<div class=\"col-inner text-center\"  >\n\t\t\t\n\t\t\t\n\n<p style=\"text-align: left;\"><strong>Stand-alone or in parallel with other systems<\/strong><\/p>\n<p style=\"text-align: left;\">As a user-friendly system, Hukka can be easily operated next to any ERP-system the organization might have, or if needed, integrated through to these systems. Hukka\u2019s cloud-based tracking system knows your menus and costing automatically, or if needed they can be added manually!<\/p>\n\n\t\t<\/div>\n\t\t\t<\/div>\n\n\t\n\n\n<style>\n#row-1014147785 > .col > .col-inner {\n  padding: 0px 0px 20px 0px;\n}\n<\/style>\n<\/div>\n\n\t\t<\/div>\n\n\t\t\n<style>\n#section_1885551135 {\n  padding-top: 70px;\n  padding-bottom: 70px;\n}\n<\/style>\n\t<\/section>\n\t\n\t<section class=\"section dark\" id=\"section_316557203\">\n\t\t<div class=\"bg section-bg fill bg-fill  bg-loaded\" >\n\n\t\t\t\n\t\t\t\n\t\t\t\n\n\t\t<\/div>\n\n\t\t<div class=\"section-content relative\">\n\t\t\t\n\n<div class=\"row\"  id=\"row-1629642521\">\n\n\n\t<div id=\"col-115244122\" class=\"col small-12 large-12\"  >\n\t\t<div class=\"col-inner text-center\"  >\n\t\t\t\n\t\t\t\n\n\t<div id=\"text-782829241\" class=\"text\">\n\t\t\n\n<h2><strong>We progress on our customers\u2019 terms<\/strong><\/h2>\n\t\t\n<style>\n#text-782829241 {\n  color: #2cdbad;\n}\n#text-782829241 > * {\n  color: #2cdbad;\n}\n<\/style>\n\t<\/div>\n\t\n<p>Hukka will be there to guide you through the whole use-cycle! We develop Hukka on our customers&#8217; terms! If you need new reporting functions, categories or have an idea for a whole new feature, tell us and we will deliver!<\/p>\n<a href=\"https:\/\/hukka.ai\/en\/product\" target=\"_self\" class=\"button primary\"  style=\"border-radius:99px;\">\n    <span>Learn more about the product<\/span>\n  <\/a>\n\n\n<a href=\"https:\/\/hukka.ai\/en\/demo\" target=\"_self\" class=\"button primary\"  style=\"border-radius:99px;\">\n    <span>Contact us or book a live Demo<\/span>\n  <\/a>\n\n\n\n\t\t<\/div>\n\t\t\t<\/div>\n\n\t\n\n<\/div>\n\n\t\t<\/div>\n\n\t\t\n<style>\n#section_316557203 {\n  padding-top: 70px;\n  padding-bottom: 70px;\n  background-color: #000c33;\n}\n<\/style>\n\t<\/section>\n\t\n\n","protected":false},"excerpt":{"rendered":"","protected":false},"author":2,"featured_media":0,"parent":0,"menu_order":0,"comment_status":"closed","ping_status":"closed","template":"","meta":{"footnotes":""},"class_list":["post-731","page","type-page","status-publish","hentry"],"yoast_head":"<!-- This site is optimized with the Yoast SEO plugin v21.5 - https:\/\/yoast.com\/wordpress\/plugins\/seo\/ -->\n<title>Benefits - Hukka AI<\/title>\n<meta name=\"description\" content=\"Reduce your carbon footprint and increase your profits! 3-7% Average saving in raw materials, 10-15X ROI!\" \/>\n<meta name=\"robots\" content=\"index, follow, max-snippet:-1, max-image-preview:large, max-video-preview:-1\" \/>\n<link rel=\"canonical\" href=\"https:\/\/hukka.ai\/benefits\/\" \/>\n<meta property=\"og:locale\" content=\"en_US\" \/>\n<meta property=\"og:type\" content=\"article\" \/>\n<meta property=\"og:title\" content=\"Benefits - Hukka AI\" \/>\n<meta property=\"og:description\" content=\"Reduce your carbon footprint and increase your profits! 3-7% Average saving in raw materials, 10-15X ROI!\" \/>\n<meta property=\"og:url\" content=\"https:\/\/hukka.ai\/benefits\/\" \/>\n<meta property=\"og:site_name\" content=\"Hukka AI\" \/>\n<meta property=\"article:modified_time\" content=\"2021-06-22T10:09:47+00:00\" \/>\n<meta property=\"og:image\" content=\"https:\/\/hukka.ai\/wp-content\/uploads\/2021\/04\/Ateria-logo_original_v001-300x150.png\" \/>\n<meta name=\"twitter:card\" content=\"summary_large_image\" \/>\n<meta name=\"twitter:label1\" content=\"Est. reading time\" \/>\n\t<meta name=\"twitter:data1\" content=\"4 minutes\" \/>\n<script type=\"application\/ld+json\" class=\"yoast-schema-graph\">{\"@context\":\"https:\/\/schema.org\",\"@graph\":[{\"@type\":\"WebPage\",\"@id\":\"https:\/\/hukka.ai\/benefits\/\",\"url\":\"https:\/\/hukka.ai\/benefits\/\",\"name\":\"Benefits - Hukka AI\",\"isPartOf\":{\"@id\":\"https:\/\/hukka.ai\/#website\"},\"datePublished\":\"2021-04-23T21:14:50+00:00\",\"dateModified\":\"2021-06-22T10:09:47+00:00\",\"description\":\"Reduce your carbon footprint and increase your profits! 3-7% Average saving in raw materials, 10-15X ROI!\",\"inLanguage\":\"en-US\",\"potentialAction\":[{\"@type\":\"ReadAction\",\"target\":[\"https:\/\/hukka.ai\/benefits\/\"]}]},{\"@type\":\"WebSite\",\"@id\":\"https:\/\/hukka.ai\/#website\",\"url\":\"https:\/\/hukka.ai\/\",\"name\":\"Hukka AI\",\"description\":\"\",\"publisher\":{\"@id\":\"https:\/\/hukka.ai\/#organization\"},\"potentialAction\":[{\"@type\":\"SearchAction\",\"target\":{\"@type\":\"EntryPoint\",\"urlTemplate\":\"https:\/\/hukka.ai\/?s={search_term_string}\"},\"query-input\":\"required name=search_term_string\"}],\"inLanguage\":\"en-US\"},{\"@type\":\"Organization\",\"@id\":\"https:\/\/hukka.ai\/#organization\",\"name\":\"Hukka Ai\",\"url\":\"https:\/\/hukka.ai\/\",\"logo\":{\"@type\":\"ImageObject\",\"inLanguage\":\"en-US\",\"@id\":\"https:\/\/hukka.ai\/#\/schema\/logo\/image\/\",\"url\":\"https:\/\/qfk8s.com\/wp-content\/uploads\/2021\/03\/Hukka_AI_RGB_Mint.png\",\"contentUrl\":\"https:\/\/qfk8s.com\/wp-content\/uploads\/2021\/03\/Hukka_AI_RGB_Mint.png\",\"width\":482,\"height\":123,\"caption\":\"Hukka Ai\"},\"image\":{\"@id\":\"https:\/\/hukka.ai\/#\/schema\/logo\/image\/\"}}]}<\/script>\n<!-- \/ Yoast SEO plugin. -->","yoast_head_json":{"title":"Benefits - Hukka AI","description":"Reduce your carbon footprint and increase your profits! 3-7% Average saving in raw materials, 10-15X ROI!","robots":{"index":"index","follow":"follow","max-snippet":"max-snippet:-1","max-image-preview":"max-image-preview:large","max-video-preview":"max-video-preview:-1"},"canonical":"https:\/\/hukka.ai\/benefits\/","og_locale":"en_US","og_type":"article","og_title":"Benefits - Hukka AI","og_description":"Reduce your carbon footprint and increase your profits! 3-7% Average saving in raw materials, 10-15X ROI!","og_url":"https:\/\/hukka.ai\/benefits\/","og_site_name":"Hukka AI","article_modified_time":"2021-06-22T10:09:47+00:00","og_image":[{"url":"https:\/\/hukka.ai\/wp-content\/uploads\/2021\/04\/Ateria-logo_original_v001-300x150.png"}],"twitter_card":"summary_large_image","twitter_misc":{"Est. reading time":"4 minutes"},"schema":{"@context":"https:\/\/schema.org","@graph":[{"@type":"WebPage","@id":"https:\/\/hukka.ai\/benefits\/","url":"https:\/\/hukka.ai\/benefits\/","name":"Benefits - Hukka AI","isPartOf":{"@id":"https:\/\/hukka.ai\/#website"},"datePublished":"2021-04-23T21:14:50+00:00","dateModified":"2021-06-22T10:09:47+00:00","description":"Reduce your carbon footprint and increase your profits! 3-7% Average saving in raw materials, 10-15X ROI!","inLanguage":"en-US","potentialAction":[{"@type":"ReadAction","target":["https:\/\/hukka.ai\/benefits\/"]}]},{"@type":"WebSite","@id":"https:\/\/hukka.ai\/#website","url":"https:\/\/hukka.ai\/","name":"Hukka AI","description":"","publisher":{"@id":"https:\/\/hukka.ai\/#organization"},"potentialAction":[{"@type":"SearchAction","target":{"@type":"EntryPoint","urlTemplate":"https:\/\/hukka.ai\/?s={search_term_string}"},"query-input":"required name=search_term_string"}],"inLanguage":"en-US"},{"@type":"Organization","@id":"https:\/\/hukka.ai\/#organization","name":"Hukka Ai","url":"https:\/\/hukka.ai\/","logo":{"@type":"ImageObject","inLanguage":"en-US","@id":"https:\/\/hukka.ai\/#\/schema\/logo\/image\/","url":"https:\/\/qfk8s.com\/wp-content\/uploads\/2021\/03\/Hukka_AI_RGB_Mint.png","contentUrl":"https:\/\/qfk8s.com\/wp-content\/uploads\/2021\/03\/Hukka_AI_RGB_Mint.png","width":482,"height":123,"caption":"Hukka Ai"},"image":{"@id":"https:\/\/hukka.ai\/#\/schema\/logo\/image\/"}}]}},"_links":{"self":[{"href":"https:\/\/hukka.ai\/en\/wp-json\/wp\/v2\/pages\/731","targetHints":{"allow":["GET"]}}],"collection":[{"href":"https:\/\/hukka.ai\/en\/wp-json\/wp\/v2\/pages"}],"about":[{"href":"https:\/\/hukka.ai\/en\/wp-json\/wp\/v2\/types\/page"}],"author":[{"embeddable":true,"href":"https:\/\/hukka.ai\/en\/wp-json\/wp\/v2\/users\/2"}],"replies":[{"embeddable":true,"href":"https:\/\/hukka.ai\/en\/wp-json\/wp\/v2\/comments?post=731"}],"version-history":[{"count":43,"href":"https:\/\/hukka.ai\/en\/wp-json\/wp\/v2\/pages\/731\/revisions"}],"predecessor-version":[{"id":1018,"href":"https:\/\/hukka.ai\/en\/wp-json\/wp\/v2\/pages\/731\/revisions\/1018"}],"wp:attachment":[{"href":"https:\/\/hukka.ai\/en\/wp-json\/wp\/v2\/media?parent=731"}],"curies":[{"name":"wp","href":"https:\/\/api.w.org\/{rel}","templated":true}]}}